{"id":29409,"date":"2026-04-24T16:14:15","date_gmt":"2026-04-24T13:14:15","guid":{"rendered":"https:\/\/selita.anatolmedia.com.tr\/urun\/terra-no-2\/"},"modified":"2026-04-24T16:19:07","modified_gmt":"2026-04-24T13:19:07","slug":"terra-no-2","status":"publish","type":"product","link":"https:\/\/selita.anatolmedia.com.tr\/?product=terra-no-2","title":{"rendered":"TERRA NO.2"},"content":{"rendered":"<p>Terra serisi tuval \u00fczeri dokulu bask\u0131 \u00fczerine ya\u011fl\u0131 boya uygulamal\u0131d\u0131r. Ayn\u0131 seriye ait di\u011fer modeller ya da farkl\u0131 \u00e7er\u00e7eve modelleri ile kombinlenerek galeri duvar\u0131 yarat\u0131labilir. <br \/>Siyah 2cm \u00e7er\u00e7eve kullan\u0131lm\u0131\u015ft\u0131r.<br \/>\n<br \/>Kargo \u00fccreti bize aittir.<br \/>Kargo \u00fccreti bize aittir.<\/p>\n<p><\/p>\n","protected":false},"excerpt":{"rendered":"<p>Terra serisi tuval \u00fczeri dokulu bask\u0131 \u00fczerine ya\u011fl\u0131 boya uygulamal\u0131d\u0131r. Ayn\u0131 seriye ait di\u011fer modeller ya da farkl\u0131 \u00e7er\u00e7eve modelleri<\/p>\n","protected":false},"featured_media":29410,"comment_status":"open","ping_status":"closed","template":"","meta":[],"product_brand":[],"product_cat":[23],"product_tag":[],"class_list":{"0":"post-29409","1":"product","2":"type-product","3":"status-publish","4":"has-post-thumbnail","6":"product_cat-accessories","8":"first","9":"instock","10":"shipping-taxable","11":"purchasable","12":"product-type-variable"},"_links":{"self":[{"href":"https:\/\/selita.anatolmedia.com.tr\/index.php?rest_route=\/wp\/v2\/product\/29409","targetHints":{"allow":["GET"]}}],"collection":[{"href":"https:\/\/selita.anatolmedia.com.tr\/index.php?rest_route=\/wp\/v2\/product"}],"about":[{"href":"https:\/\/selita.anatolmedia.com.tr\/index.php?rest_route=\/wp\/v2\/types\/product"}],"replies":[{"embeddable":true,"href":"https:\/\/selita.anatolmedia.com.tr\/index.php?rest_route=%2Fwp%2Fv2%2Fcomments&post=29409"}],"version-history":[{"count":0,"href":"https:\/\/selita.anatolmedia.com.tr\/index.php?rest_route=\/wp\/v2\/product\/29409\/revisions"}],"wp:featuredmedia":[{"embeddable":true,"href":"https:\/\/selita.anatolmedia.com.tr\/index.php?rest_route=\/wp\/v2\/media\/29410"}],"wp:attachment":[{"href":"https:\/\/selita.anatolmedia.com.tr\/index.php?rest_route=%2Fwp%2Fv2%2Fmedia&parent=29409"}],"wp:term":[{"taxonomy":"product_brand","embeddable":true,"href":"https:\/\/selita.anatolmedia.com.tr\/index.php?rest_route=%2Fwp%2Fv2%2Fproduct_brand&post=29409"},{"taxonomy":"product_cat","embeddable":true,"href":"https:\/\/selita.anatolmedia.com.tr\/index.php?rest_route=%2Fwp%2Fv2%2Fproduct_cat&post=29409"},{"taxonomy":"product_tag","embeddable":true,"href":"https:\/\/selita.anatolmedia.com.tr\/index.php?rest_route=%2Fwp%2Fv2%2Fproduct_tag&post=29409"}],"curies":[{"name":"wp","href":"https:\/\/api.w.org\/{rel}","templated":true}]}}