{"id":29431,"date":"2026-04-24T16:14:54","date_gmt":"2026-04-24T13:14:54","guid":{"rendered":"https:\/\/selita.anatolmedia.com.tr\/urun\/trace-no-3\/"},"modified":"2026-04-24T16:19:05","modified_gmt":"2026-04-24T13:19:05","slug":"trace-no-3","status":"publish","type":"product","link":"https:\/\/selita.anatolmedia.com.tr\/?product=trace-no-3","title":{"rendered":"TRACE NO.3"},"content":{"rendered":"<p>Trace serisi tuval \u00fczeri ya\u011fl\u0131 boya uygulamal\u0131d\u0131r. Ayn\u0131 seriye ait di\u011fer modeller ya da farkl\u0131 \u00e7er\u00e7eve modelleri ile kombinlenerek galeri duvar\u0131 yarat\u0131labilir.<br \/>\n<br \/>Siyah kitabiyeli \u00e7er\u00e7eve kullan\u0131lm\u0131\u015ft\u0131r.<br \/>\n<br \/>\u00c7er\u00e7evelerimiz sipari\u015f \u00fczerine size \u00f6zel \u00fcretildi\u011fi i\u00e7in 10 &#8211; 12 i\u015f g\u00fcn\u00fc \u00fcretim s\u00fcresi bulunmaktad\u0131r.<br \/>\n<br \/>Kargo \u00fccreti bize aittir.<\/p>\n<p><\/p>\n","protected":false},"excerpt":{"rendered":"<p>Trace serisi tuval \u00fczeri ya\u011fl\u0131 boya uygulamal\u0131d\u0131r. Ayn\u0131 seriye ait di\u011fer modeller ya da farkl\u0131 \u00e7er\u00e7eve modelleri ile kombinlenerek galeri<\/p>\n","protected":false},"featured_media":29432,"comment_status":"open","ping_status":"closed","template":"","meta":[],"product_brand":[],"product_cat":[23],"product_tag":[],"class_list":{"0":"post-29431","1":"product","2":"type-product","3":"status-publish","4":"has-post-thumbnail","6":"product_cat-accessories","8":"first","9":"instock","10":"shipping-taxable","11":"purchasable","12":"product-type-variable"},"_links":{"self":[{"href":"https:\/\/selita.anatolmedia.com.tr\/index.php?rest_route=\/wp\/v2\/product\/29431","targetHints":{"allow":["GET"]}}],"collection":[{"href":"https:\/\/selita.anatolmedia.com.tr\/index.php?rest_route=\/wp\/v2\/product"}],"about":[{"href":"https:\/\/selita.anatolmedia.com.tr\/index.php?rest_route=\/wp\/v2\/types\/product"}],"replies":[{"embeddable":true,"href":"https:\/\/selita.anatolmedia.com.tr\/index.php?rest_route=%2Fwp%2Fv2%2Fcomments&post=29431"}],"version-history":[{"count":0,"href":"https:\/\/selita.anatolmedia.com.tr\/index.php?rest_route=\/wp\/v2\/product\/29431\/revisions"}],"wp:featuredmedia":[{"embeddable":true,"href":"https:\/\/selita.anatolmedia.com.tr\/index.php?rest_route=\/wp\/v2\/media\/29432"}],"wp:attachment":[{"href":"https:\/\/selita.anatolmedia.com.tr\/index.php?rest_route=%2Fwp%2Fv2%2Fmedia&parent=29431"}],"wp:term":[{"taxonomy":"product_brand","embeddable":true,"href":"https:\/\/selita.anatolmedia.com.tr\/index.php?rest_route=%2Fwp%2Fv2%2Fproduct_brand&post=29431"},{"taxonomy":"product_cat","embeddable":true,"href":"https:\/\/selita.anatolmedia.com.tr\/index.php?rest_route=%2Fwp%2Fv2%2Fproduct_cat&post=29431"},{"taxonomy":"product_tag","embeddable":true,"href":"https:\/\/selita.anatolmedia.com.tr\/index.php?rest_route=%2Fwp%2Fv2%2Fproduct_tag&post=29431"}],"curies":[{"name":"wp","href":"https:\/\/api.w.org\/{rel}","templated":true}]}}