{"id":29573,"date":"2026-04-24T16:18:33","date_gmt":"2026-04-24T13:18:33","guid":{"rendered":"https:\/\/selita.anatolmedia.com.tr\/urun\/bw-no-3\/"},"modified":"2026-04-24T16:19:07","modified_gmt":"2026-04-24T13:19:07","slug":"bw-no-3","status":"publish","type":"product","link":"https:\/\/selita.anatolmedia.com.tr\/?product=bw-no-3","title":{"rendered":"B&#038;W NO.3"},"content":{"rendered":"<p>B&#038;W serisi dokulu bask\u0131 uygulamal\u0131d\u0131r.Paspartulu ve caml\u0131 olan bu \u00fcr\u00fcn ayn\u0131 seriye ait di\u011fer modeller ya da farkl\u0131 \u00e7er\u00e7eve modelleri ile kombinlenerek galeri duvar\u0131 yarat\u0131labilir.<br \/>Siyah 2cm \u00e7er\u00e7eve kullan\u0131lm\u0131\u015ft\u0131r.<br \/>\n<br \/>\u00c7er\u00e7evelerimiz sipari\u015f \u00fczerine size \u00f6zel \u00fcretildi\u011fi i\u00e7in 10-12 i\u015f g\u00fcn\u00fc \u00fcretim s\u00fcresi bulunmaktad\u0131r.<br \/>\n<br \/>Kargo \u00fccreti bize aittir.<\/p>\n<p><\/p>\n","protected":false},"excerpt":{"rendered":"<p>B&#038;W serisi dokulu bask\u0131 uygulamal\u0131d\u0131r.Paspartulu ve caml\u0131 olan bu \u00fcr\u00fcn ayn\u0131 seriye ait di\u011fer modeller ya da farkl\u0131 \u00e7er\u00e7eve modelleri<\/p>\n","protected":false},"featured_media":29574,"comment_status":"open","ping_status":"closed","template":"","meta":[],"product_brand":[],"product_cat":[23],"product_tag":[],"class_list":{"0":"post-29573","1":"product","2":"type-product","3":"status-publish","4":"has-post-thumbnail","6":"product_cat-accessories","8":"first","9":"instock","10":"shipping-taxable","11":"purchasable","12":"product-type-variable"},"_links":{"self":[{"href":"https:\/\/selita.anatolmedia.com.tr\/index.php?rest_route=\/wp\/v2\/product\/29573","targetHints":{"allow":["GET"]}}],"collection":[{"href":"https:\/\/selita.anatolmedia.com.tr\/index.php?rest_route=\/wp\/v2\/product"}],"about":[{"href":"https:\/\/selita.anatolmedia.com.tr\/index.php?rest_route=\/wp\/v2\/types\/product"}],"replies":[{"embeddable":true,"href":"https:\/\/selita.anatolmedia.com.tr\/index.php?rest_route=%2Fwp%2Fv2%2Fcomments&post=29573"}],"version-history":[{"count":0,"href":"https:\/\/selita.anatolmedia.com.tr\/index.php?rest_route=\/wp\/v2\/product\/29573\/revisions"}],"wp:featuredmedia":[{"embeddable":true,"href":"https:\/\/selita.anatolmedia.com.tr\/index.php?rest_route=\/wp\/v2\/media\/29574"}],"wp:attachment":[{"href":"https:\/\/selita.anatolmedia.com.tr\/index.php?rest_route=%2Fwp%2Fv2%2Fmedia&parent=29573"}],"wp:term":[{"taxonomy":"product_brand","embeddable":true,"href":"https:\/\/selita.anatolmedia.com.tr\/index.php?rest_route=%2Fwp%2Fv2%2Fproduct_brand&post=29573"},{"taxonomy":"product_cat","embeddable":true,"href":"https:\/\/selita.anatolmedia.com.tr\/index.php?rest_route=%2Fwp%2Fv2%2Fproduct_cat&post=29573"},{"taxonomy":"product_tag","embeddable":true,"href":"https:\/\/selita.anatolmedia.com.tr\/index.php?rest_route=%2Fwp%2Fv2%2Fproduct_tag&post=29573"}],"curies":[{"name":"wp","href":"https:\/\/api.w.org\/{rel}","templated":true}]}}